{"id":3515,"date":"2022-07-25T13:56:46","date_gmt":"2022-07-25T10:56:46","guid":{"rendered":"http:\/\/elatservice\/?page_id=3515"},"modified":"2022-12-02T00:53:26","modified_gmt":"2022-12-01T21:53:26","slug":"projects_az","status":"publish","type":"page","link":"https:\/\/elatservice.az\/?page_id=3515&lang=az","title":{"rendered":"Projects_AZ"},"content":{"rendered":"\t\t<div data-elementor-type=\"wp-post\" data-elementor-id=\"3515\" class=\"elementor elementor-3515\" data-elementor-settings=\"[]\">\n\t\t\t\t\t\t\t<div class=\"elementor-section-wrap\">\n\t\t\t\t\t\t\t<section class=\"elementor-section elementor-top-section elementor-element elementor-element-7ac9ca5 elementor-section-boxed elementor-section-height-default elementor-section-height-default\" data-id=\"7ac9ca5\" data-element_type=\"section\" data-settings=\"{&quot;background_background&quot;:&quot;classic&quot;}\">\n\t\t\t\t\t\t\t<div class=\"elementor-background-overlay\"><\/div>\n\t\t\t\t\t\t\t<div class=\"elementor-container elementor-column-gap-default\">\n\t\t\t\t\t<div class=\"elementor-column elementor-col-100 elementor-top-column elementor-element elementor-element-90988fe\" data-id=\"90988fe\" data-element_type=\"column\">\n\t\t\t<div class=\"elementor-widget-wrap elementor-element-populated\">\n\t\t\t\t\t\t\t\t<div class=\"elementor-element elementor-element-4a1c612 elementor-widget elementor-widget-heading\" data-id=\"4a1c612\" data-element_type=\"widget\" data-widget_type=\"heading.default\">\n\t\t\t\t<div class=\"elementor-widget-container\">\n\t\t\t<style>\/*! elementor - v3.5.6 - 28-02-2022 *\/\n.elementor-heading-title{padding:0;margin:0;line-height:1}.elementor-widget-heading .elementor-heading-title[class*=elementor-size-]>a{color:inherit;font-size:inherit;line-height:inherit}.elementor-widget-heading .elementor-heading-title.elementor-size-small{font-size:15px}.elementor-widget-heading .elementor-heading-title.elementor-size-medium{font-size:19px}.elementor-widget-heading .elementor-heading-title.elementor-size-large{font-size:29px}.elementor-widget-heading .elementor-heading-title.elementor-size-xl{font-size:39px}.elementor-widget-heading .elementor-heading-title.elementor-size-xxl{font-size:59px}<\/style><h1 class=\"elementor-heading-title elementor-size-default\">Bizim t\u0259r\u0259fda\u015flar\u0131m\u0131z<\/h1>\t\t<\/div>\n\t\t\t\t<\/div>\n\t\t\t\t\t<\/div>\n\t\t<\/div>\n\t\t\t\t\t\t\t<\/div>\n\t\t<\/section>\n\t\t\t\t<section class=\"elementor-section elementor-top-section elementor-element elementor-element-8262e30 elementor-section-content-middle elementor-section-boxed elementor-section-height-default elementor-section-height-default\" data-id=\"8262e30\" data-element_type=\"section\">\n\t\t\t\t\t\t\t<div class=\"elementor-background-overlay\"><\/div>\n\t\t\t\t\t\t\t<div class=\"elementor-container elementor-column-gap-no\">\n\t\t\t\t\t<div class=\"elementor-column elementor-col-100 elementor-top-column elementor-element elementor-element-da6ae65\" data-id=\"da6ae65\" data-element_type=\"column\">\n\t\t\t<div class=\"elementor-widget-wrap elementor-element-populated\">\n\t\t\t\t\t\t\t\t<div class=\"elementor-element elementor-element-b0fabca elementor-position-top elementor-vertical-align-top elementor-widget elementor-widget-image-box\" data-id=\"b0fabca\" data-element_type=\"widget\" data-widget_type=\"image-box.default\">\n\t\t\t\t<div class=\"elementor-widget-container\">\n\t\t\t<style>\/*! elementor - v3.5.6 - 28-02-2022 *\/\n.elementor-widget-image-box .elementor-image-box-content{width:100%}@media (min-width:768px){.elementor-widget-image-box.elementor-position-left .elementor-image-box-wrapper,.elementor-widget-image-box.elementor-position-right .elementor-image-box-wrapper{display:-webkit-box;display:-ms-flexbox;display:flex}.elementor-widget-image-box.elementor-position-right .elementor-image-box-wrapper{text-align:right;-webkit-box-orient:horizontal;-webkit-box-direction:reverse;-ms-flex-direction:row-reverse;flex-direction:row-reverse}.elementor-widget-image-box.elementor-position-left .elementor-image-box-wrapper{text-align:left;-webkit-box-orient:horizontal;-webkit-box-direction:normal;-ms-flex-direction:row;flex-direction:row}.elementor-widget-image-box.elementor-position-top .elementor-image-box-img{margin:auto}.elementor-widget-image-box.elementor-vertical-align-top .elementor-image-box-wrapper{-webkit-box-align:start;-ms-flex-align:start;align-items:flex-start}.elementor-widget-image-box.elementor-vertical-align-middle .elementor-image-box-wrapper{-webkit-box-align:center;-ms-flex-align:center;align-items:center}.elementor-widget-image-box.elementor-vertical-align-bottom .elementor-image-box-wrapper{-webkit-box-align:end;-ms-flex-align:end;align-items:flex-end}}@media (max-width:767px){.elementor-widget-image-box .elementor-image-box-img{margin-left:auto!important;margin-right:auto!important;margin-bottom:15px}}.elementor-widget-image-box .elementor-image-box-img{display:inline-block}.elementor-widget-image-box .elementor-image-box-title a{color:inherit}.elementor-widget-image-box .elementor-image-box-wrapper{text-align:center}.elementor-widget-image-box .elementor-image-box-description{margin:0}<\/style><div class=\"elementor-image-box-wrapper\"><div class=\"elementor-image-box-content\"><h2 class=\"elementor-image-box-title\"><a href=\"http:\/\/greycardinal.com\" target=\"_blank\">Grey cardinal<\/a><\/h2><p class=\"elementor-image-box-description\"><p class=\"MsoNormal\"><span style=\"font-size:12.0 pt;line-height:115%\">Vodka <\/span><span lang=\"EN-US\" style=\"font-size:12.0 pt;line-height:115%;mso-ans\u0131-language:EN-US\">Grey<\/span><span lang=\"EN-US\" style=\"font-size:12.0 pt;line-height:115%\"> <\/span><span lang=\"EN-US\" style=\"font-size:12.0 pt;line-height:115%;mso-ANSI-language:en-us\">Cardinal<\/span><span lang=\"EN-US\" style=\"font-size:12.0 pt;line-height:115%\"> <\/span><span lang=\"EN-US\" style=\"font-size:12.0 pt;line-height:115%;mso-ANSI-language:en-us\">Premium<\/span><span lang=\"EN-US\" style=\"font-size:12.0 pt;line-height:115%\"> <\/span><span lang=\"EN-US\" style = \"font-size:12.0 pt;line-height:115%;mso-ans\u0131-language:EN-US\">Organic<\/span><span style=\"font-size:12.0 pt;line-height: 115%\"> super m\u00fckafat n\u00fcmay\u0259nd\u0259si\nclass Spirtli i\u00e7kil\u0259r. Bu araq yarad\u0131lm\u0131\u015fd\u0131r\n\u00fczvi spirt \u0259sas\u0131nda \u0259ld\u0259&nbsp;\n\u00fczvi t\u0259s\u0259rr\u00fcfatlarda yeti\u015fdiril\u0259n tax\u0131ldan. B\u00fct\u00fcn dig\u0259r komponentl\u0259ri,\nbu ara\u011f\u0131n istehsal\u0131nda istifad\u0259 edil\u0259n, yaln\u0131z t\u0259bii al\u0131nm\u0131\u015fd\u0131r\nyol v\u0259 h\u0259m\u00e7inin \u00fczvi var. \u0130stehsalatda istifad\u0259 olunan su,\nyerin alt\u0131na gir\u0259n v\u0259 i\u00e7m\u0259y\u0259n bir qaynaq \u00e7\u0131xarar.\nz\u0259r\u0259rli \u00e7irkl\u0259ri. <o:p><\/o:p><\/span><\/p>\n\n<p class=\"MsoNormal\"><span lang=\"EN-US\" style=\"font-size:12.0pt;line-height:115%;\nmso-ansi-language:EN-US\">Grey<\/span><span lang=\"EN-US\" style=\"font-size:12.0pt;\nline-height:115%\"> <\/span><span lang=\"EN-US\" style=\"font-size:12.0pt;line-height:\n115%;mso-ansi-language:EN-US\">Cardinal<\/span><span lang=\"EN-US\" style=\"font-size:\n12.0pt;line-height:115%\"> <\/span><span lang=\"EN-US\" style=\"font-size:12.0pt;\nline-height:115%;mso-ans\u0131-language:en-US\">Premium<\/span><span lang=\"EN-US\" style=\"font-size:12.0 pt;line-height:115%\"> <\/span><span lang=\"EN-US\" style=\"font-size:12.0 pt;line-height:115%;mso-ANSI-language:EN-US\">organic<\/span><span lang=\"EN-US\" style=\"font-size:12.0 pt;line-height:115%\"> <\/span>h\u0259r \u015fey u\u011furla ke\u00e7di\nlaz\u0131mi beyn\u0259lxalq testl\u0259r v\u0259 laboratoriya testl\u0259ri v\u0259 sertifikatla\u015fd\u0131r\u0131lm\u0131\u015fd\u0131r\nAvropa \u0130ttifaq\u0131n\u0131n standartlar\u0131na uy\u011fun \u00fczvi. M\u0259hsul etiketl\u0259ndi\n\u00fczvi m\u0259hsullar\u0131n Avropa i\u015far\u0259si olan \"Eurolist\".<o:p><\/o:p><\/p><\/p><\/div><\/div>\t\t<\/div>\n\t\t\t\t<\/div>\n\t\t\t\t<div class=\"elementor-element elementor-element-6fecb3a elementor-pagination-position-outside elementor-widget elementor-widget-image-carousel\" data-id=\"6fecb3a\" data-element_type=\"widget\" data-settings=\"{&quot;slides_to_show&quot;:&quot;3&quot;,&quot;slides_to_scroll&quot;:&quot;1&quot;,&quot;navigation&quot;:&quot;dots&quot;,&quot;autoplay_speed&quot;:2000,&quot;slides_to_show_tablet&quot;:&quot;2&quot;,&quot;slides_to_show_mobile&quot;:&quot;1&quot;,&quot;speed&quot;:700,&quot;autoplay&quot;:&quot;yes&quot;,&quot;pause_on_hover&quot;:&quot;yes&quot;,&quot;pause_on_interaction&quot;:&quot;yes&quot;,&quot;infinite&quot;:&quot;yes&quot;,&quot;image_spacing_custom&quot;:{&quot;unit&quot;:&quot;px&quot;,&quot;size&quot;:20,&quot;sizes&quot;:[]}}\" data-widget_type=\"image-carousel.default\">\n\t\t\t\t<div class=\"elementor-widget-container\">\n\t\t\t<style>\/*! elementor - v3.5.6 - 28-02-2022 *\/\n.elementor-widget-image-carousel .swiper-container{position:static}.elementor-widget-image-carousel .swiper-container .swiper-slide figure{line-height:inherit}.elementor-widget-image-carousel .swiper-slide{text-align:center}.elementor-image-carousel-wrapper:not(.swiper-container-initialized) .swiper-slide{max-width:calc(100% \/ var(--e-image-carousel-slides-to-show, 3))}<\/style>\t\t<div class=\"elementor-image-carousel-wrapper swiper-container\" dir=\"ltr\">\n\t\t\t<div class=\"elementor-image-carousel swiper-wrapper swiper-image-stretch\">\n\t\t\t\t\t\t\t\t<div class=\"swiper-slide\"><figure class=\"swiper-slide-inner\"><img decoding=\"async\" class=\"swiper-slide-image\" src=\"https:\/\/elatservice.az\/wp-content\/uploads\/2022\/03\/\u0438\u0437\u043e\u0431\u0440\u0430\u0436\u0435\u043d\u0438\u0435_2022-03-27_190224.png\" alt=\"\u0438\u0437\u043e\u0431\u0440\u0430\u0436\u0435\u043d\u0438\u0435_2022-03-27_190224\" \/><\/figure><\/div><div class=\"swiper-slide\"><figure class=\"swiper-slide-inner\"><img decoding=\"async\" class=\"swiper-slide-image\" src=\"https:\/\/elatservice.az\/wp-content\/uploads\/2022\/03\/\u0438\u0437\u043e\u0431\u0440\u0430\u0436\u0435\u043d\u0438\u0435_2022-03-27_190236.png\" alt=\"\u0438\u0437\u043e\u0431\u0440\u0430\u0436\u0435\u043d\u0438\u0435_2022-03-27_190236\" \/><\/figure><\/div><div class=\"swiper-slide\"><figure class=\"swiper-slide-inner\"><img decoding=\"async\" class=\"swiper-slide-image\" src=\"https:\/\/elatservice.az\/wp-content\/uploads\/2022\/03\/\u0438\u0437\u043e\u0431\u0440\u0430\u0436\u0435\u043d\u0438\u0435_2022-03-27_190322-e1648397624600.png\" alt=\"\u0438\u0437\u043e\u0431\u0440\u0430\u0436\u0435\u043d\u0438\u0435_2022-03-27_190322\" \/><\/figure><\/div><div class=\"swiper-slide\"><figure class=\"swiper-slide-inner\"><img decoding=\"async\" class=\"swiper-slide-image\" src=\"https:\/\/elatservice.az\/wp-content\/uploads\/2022\/03\/\u0438\u0437\u043e\u0431\u0440\u0430\u0436\u0435\u043d\u0438\u0435_2022-03-27_191358-e1648397685543.png\" alt=\"\u0438\u0437\u043e\u0431\u0440\u0430\u0436\u0435\u043d\u0438\u0435_2022-03-27_191358\" \/><\/figure><\/div>\t\t\t<\/div>\n\t\t\t\t\t\t\t\t\t\t\t\t<div class=\"swiper-pagination\"><\/div>\n\t\t\t\t\t\t\t\t\t\t\t\t\t<\/div>\n\t\t\t\t<\/div>\n\t\t\t\t<\/div>\n\t\t\t\t\t<\/div>\n\t\t<\/div>\n\t\t\t\t\t\t\t<\/div>\n\t\t<\/section>\n\t\t\t\t<section class=\"elementor-section elementor-top-section elementor-element elementor-element-981c27d elementor-section-content-middle elementor-section-boxed elementor-section-height-default elementor-section-height-default\" data-id=\"981c27d\" data-element_type=\"section\" data-settings=\"{&quot;background_background&quot;:&quot;classic&quot;}\">\n\t\t\t\t\t\t\t<div class=\"elementor-background-overlay\"><\/div>\n\t\t\t\t\t\t\t<div class=\"elementor-container elementor-column-gap-no\">\n\t\t\t\t\t<div class=\"elementor-column elementor-col-100 elementor-top-column elementor-element elementor-element-1831b66\" data-id=\"1831b66\" data-element_type=\"column\">\n\t\t\t<div class=\"elementor-widget-wrap elementor-element-populated\">\n\t\t\t\t\t\t\t\t<div class=\"elementor-element elementor-element-e50b5bd elementor-position-top elementor-vertical-align-top elementor-widget elementor-widget-image-box\" data-id=\"e50b5bd\" data-element_type=\"widget\" data-widget_type=\"image-box.default\">\n\t\t\t\t<div class=\"elementor-widget-container\">\n\t\t\t<div class=\"elementor-image-box-wrapper\"><div class=\"elementor-image-box-content\"><h2 class=\"elementor-image-box-title\"><a href=\"https:\/\/savalan.az\/ru\/\" target=\"_blank\">Savalan<\/a><\/h2><p class=\"elementor-image-box-description\">\u201cSavalan\u201d Az\u0259rbaycan \u015f\u0259rablar\u0131 B\u00f6y\u00fck Qafqaz silsil\u0259sinin c\u0259nub-\u015f\u0259rqind\u0259 d\u0259niz s\u0259viyy\u0259sind\u0259n 400 m y\u00fcks\u0259klikd\u0259 yeti\u015f\u0259n \u00fcz\u00fcmd\u0259n haz\u0131rlan\u0131r. Orta illik temperaturun, ya\u011f\u0131nt\u0131n\u0131n v\u0259 g\u00fcn\u0259\u015fli saatlar\u0131n v\u0259 ilin g\u00fcnl\u0259rinin nisb\u0259tinin ideal \u015f\u0259kild\u0259 birl\u0259\u015fdirildiyi \u00e7ayla \u0259hat\u0259 olunmu\u015f Savalan d\u00fcz\u00fc \u00fcz\u00fcm yeti\u015fdirilm\u0259si \u00fc\u00e7\u00fcn \u0259n \u0259lveri\u015fli \u015f\u0259rait yarad\u0131r. Bu \u015f\u0259rablar \u0259n y\u00fcks\u0259k Avropa standartlar\u0131na cavab verir v\u0259 yeti\u015fdiril\u0259n \u00fcz\u00fcm\u00fcn keyfiyy\u0259ti \u00e7ox vaxt Avropadak\u0131 ox\u015far sortlar\u0131 bel\u0259 \u00fcst\u0259l\u0259yir.<\/p><\/div><\/div>\t\t<\/div>\n\t\t\t\t<\/div>\n\t\t\t\t<div class=\"elementor-element elementor-element-f44f54a elementor-pagination-position-outside elementor-widget elementor-widget-image-carousel\" data-id=\"f44f54a\" data-element_type=\"widget\" data-settings=\"{&quot;slides_to_show&quot;:&quot;3&quot;,&quot;slides_to_scroll&quot;:&quot;1&quot;,&quot;navigation&quot;:&quot;dots&quot;,&quot;autoplay_speed&quot;:2000,&quot;slides_to_show_tablet&quot;:&quot;2&quot;,&quot;slides_to_show_mobile&quot;:&quot;1&quot;,&quot;speed&quot;:700,&quot;autoplay&quot;:&quot;yes&quot;,&quot;pause_on_hover&quot;:&quot;yes&quot;,&quot;pause_on_interaction&quot;:&quot;yes&quot;,&quot;infinite&quot;:&quot;yes&quot;,&quot;image_spacing_custom&quot;:{&quot;unit&quot;:&quot;px&quot;,&quot;size&quot;:20,&quot;sizes&quot;:[]}}\" data-widget_type=\"image-carousel.default\">\n\t\t\t\t<div class=\"elementor-widget-container\">\n\t\t\t\t\t<div class=\"elementor-image-carousel-wrapper swiper-container\" dir=\"ltr\">\n\t\t\t<div class=\"elementor-image-carousel swiper-wrapper\">\n\t\t\t\t\t\t\t\t<div class=\"swiper-slide\"><figure class=\"swiper-slide-inner\"><img decoding=\"async\" class=\"swiper-slide-image\" src=\"https:\/\/elatservice.az\/wp-content\/uploads\/2022\/03\/\u0438\u0437\u043e\u0431\u0440\u0430\u0436\u0435\u043d\u0438\u0435_2022-03-27_212013.png\" alt=\"\u0438\u0437\u043e\u0431\u0440\u0430\u0436\u0435\u043d\u0438\u0435_2022-03-27_212013\" \/><\/figure><\/div><div class=\"swiper-slide\"><figure class=\"swiper-slide-inner\"><img decoding=\"async\" class=\"swiper-slide-image\" src=\"https:\/\/elatservice.az\/wp-content\/uploads\/2022\/03\/\u0438\u0437\u043e\u0431\u0440\u0430\u0436\u0435\u043d\u0438\u0435_2022-03-27_212121.png\" alt=\"\u0438\u0437\u043e\u0431\u0440\u0430\u0436\u0435\u043d\u0438\u0435_2022-03-27_212121\" \/><\/figure><\/div><div class=\"swiper-slide\"><figure class=\"swiper-slide-inner\"><img decoding=\"async\" class=\"swiper-slide-image\" src=\"https:\/\/elatservice.az\/wp-content\/uploads\/2022\/03\/\u0438\u0437\u043e\u0431\u0440\u0430\u0436\u0435\u043d\u0438\u0435_2022-03-27_212635.png\" alt=\"\u0438\u0437\u043e\u0431\u0440\u0430\u0436\u0435\u043d\u0438\u0435_2022-03-27_212635\" \/><\/figure><\/div><div class=\"swiper-slide\"><figure class=\"swiper-slide-inner\"><img decoding=\"async\" class=\"swiper-slide-image\" src=\"https:\/\/elatservice.az\/wp-content\/uploads\/2022\/03\/\u0438\u0437\u043e\u0431\u0440\u0430\u0436\u0435\u043d\u0438\u0435_2022-03-27_212208.png\" alt=\"\u0438\u0437\u043e\u0431\u0440\u0430\u0436\u0435\u043d\u0438\u0435_2022-03-27_212208\" \/><\/figure><\/div>\t\t\t<\/div>\n\t\t\t\t\t\t\t\t\t\t\t\t<div class=\"swiper-pagination\"><\/div>\n\t\t\t\t\t\t\t\t\t\t\t\t\t<\/div>\n\t\t\t\t<\/div>\n\t\t\t\t<\/div>\n\t\t\t\t\t<\/div>\n\t\t<\/div>\n\t\t\t\t\t\t\t<\/div>\n\t\t<\/section>\n\t\t\t\t\t\t<\/div>\n\t\t\t\t\t<\/div>\n\t\t","protected":false},"excerpt":{"rendered":"<p>Bizim t\u0259r\u0259fda\u015flar\u0131m\u0131z Grey cardinal Vodka Grey Cardinal Premium Organic super m\u00fckafat n\u00fcmay\u0259nd\u0259si class Spirtli i\u00e7kil\u0259r. Bu araq yarad\u0131lm\u0131\u015fd\u0131r \u00fczvi spirt \u0259sas\u0131nda \u0259ld\u0259&nbsp; \u00fczvi t\u0259s\u0259rr\u00fcfatlarda yeti\u015fdiril\u0259n tax\u0131ldan. B\u00fct\u00fcn dig\u0259r komponentl\u0259ri, bu ara\u011f\u0131n istehsal\u0131nda istifad\u0259 edil\u0259n, yaln\u0131z t\u0259bii al\u0131nm\u0131\u015fd\u0131r yol v\u0259 h\u0259m\u00e7inin \u00fczvi var. \u0130stehsalatda istifad\u0259 olunan su, yerin alt\u0131na gir\u0259n v\u0259 i\u00e7m\u0259y\u0259n bir qaynaq \u00e7\u0131xarar. z\u0259r\u0259rli &hellip;<\/p>\n<p class=\"read-more\"> <a class=\"\" href=\"https:\/\/elatservice.az\/?page_id=3515&#038;lang=az\"> <span class=\"screen-reader-text\">Projects_AZ<\/span> \u0427\u0438\u0442\u0430\u0442\u044c \u043f\u043e\u043b\u043d\u043e\u0441\u0442\u044c\u044e &raquo;<\/a><\/p>\n","protected":false},"author":1,"featured_media":0,"parent":0,"menu_order":0,"comment_status":"closed","ping_status":"closed","template":"","meta":{"site-sidebar-layout":"no-sidebar","site-content-layout":"page-builder","ast-main-header-display":"","ast-hfb-above-header-display":"","ast-hfb-below-header-display":"","ast-hfb-mobile-header-display":"","site-post-title":"disabled","ast-breadcrumbs-content":"","ast-featured-img":"disabled","footer-sml-layout":"","theme-transparent-header-meta":"enabled","adv-header-id-meta":"","stick-header-meta":"","header-above-stick-meta":"","header-main-stick-meta":"","header-below-stick-meta":"","footnotes":""},"class_list":["post-3515","page","type-page","status-publish","hentry"],"_links":{"self":[{"href":"https:\/\/elatservice.az\/index.php?rest_route=\/wp\/v2\/pages\/3515","targetHints":{"allow":["GET"]}}],"collection":[{"href":"https:\/\/elatservice.az\/index.php?rest_route=\/wp\/v2\/pages"}],"about":[{"href":"https:\/\/elatservice.az\/index.php?rest_route=\/wp\/v2\/types\/page"}],"author":[{"embeddable":true,"href":"https:\/\/elatservice.az\/index.php?rest_route=\/wp\/v2\/users\/1"}],"replies":[{"embeddable":true,"href":"https:\/\/elatservice.az\/index.php?rest_route=%2Fwp%2Fv2%2Fcomments&post=3515"}],"version-history":[{"count":10,"href":"https:\/\/elatservice.az\/index.php?rest_route=\/wp\/v2\/pages\/3515\/revisions"}],"predecessor-version":[{"id":3644,"href":"https:\/\/elatservice.az\/index.php?rest_route=\/wp\/v2\/pages\/3515\/revisions\/3644"}],"wp:attachment":[{"href":"https:\/\/elatservice.az\/index.php?rest_route=%2Fwp%2Fv2%2Fmedia&parent=3515"}],"curies":[{"name":"wp","href":"https:\/\/api.w.org\/{rel}","templated":true}]}}