{"id":3513,"date":"2022-07-25T13:54:15","date_gmt":"2022-07-25T10:54:15","guid":{"rendered":"http:\/\/elatservice\/?page_id=3513"},"modified":"2022-12-02T00:52:23","modified_gmt":"2022-12-01T21:52:23","slug":"about_az","status":"publish","type":"page","link":"https:\/\/elatservice.az\/?page_id=3513&lang=az","title":{"rendered":"About_AZ"},"content":{"rendered":"\t\t<div data-elementor-type=\"wp-post\" data-elementor-id=\"3513\" class=\"elementor elementor-3513\" data-elementor-settings=\"[]\">\n\t\t\t\t\t\t\t<div class=\"elementor-section-wrap\">\n\t\t\t\t\t\t\t<section class=\"elementor-section elementor-top-section elementor-element elementor-element-d7d8b56 elementor-section-boxed elementor-section-height-default elementor-section-height-default\" data-id=\"d7d8b56\" data-element_type=\"section\" data-settings=\"{&quot;background_background&quot;:&quot;classic&quot;}\">\n\t\t\t\t\t\t\t<div class=\"elementor-background-overlay\"><\/div>\n\t\t\t\t\t\t\t<div class=\"elementor-container elementor-column-gap-default\">\n\t\t\t\t\t<div class=\"elementor-column elementor-col-100 elementor-top-column elementor-element elementor-element-fd69444\" data-id=\"fd69444\" data-element_type=\"column\">\n\t\t\t<div class=\"elementor-widget-wrap elementor-element-populated\">\n\t\t\t\t\t\t\t\t<div class=\"elementor-element elementor-element-abcc2f2 elementor-widget elementor-widget-heading\" data-id=\"abcc2f2\" data-element_type=\"widget\" data-widget_type=\"heading.default\">\n\t\t\t\t<div class=\"elementor-widget-container\">\n\t\t\t<style>\/*! elementor - v3.5.6 - 28-02-2022 *\/\n.elementor-heading-title{padding:0;margin:0;line-height:1}.elementor-widget-heading .elementor-heading-title[class*=elementor-size-]>a{color:inherit;font-size:inherit;line-height:inherit}.elementor-widget-heading .elementor-heading-title.elementor-size-small{font-size:15px}.elementor-widget-heading .elementor-heading-title.elementor-size-medium{font-size:19px}.elementor-widget-heading .elementor-heading-title.elementor-size-large{font-size:29px}.elementor-widget-heading .elementor-heading-title.elementor-size-xl{font-size:39px}.elementor-widget-heading .elementor-heading-title.elementor-size-xxl{font-size:59px}<\/style><h1 class=\"elementor-heading-title elementor-size-default\">Bizim haqq\u0131m\u0131zda<\/h1>\t\t<\/div>\n\t\t\t\t<\/div>\n\t\t\t\t\t<\/div>\n\t\t<\/div>\n\t\t\t\t\t\t\t<\/div>\n\t\t<\/section>\n\t\t\t\t<section class=\"elementor-section elementor-top-section elementor-element elementor-element-5c40d7b elementor-section-boxed elementor-section-height-default elementor-section-height-default\" data-id=\"5c40d7b\" data-element_type=\"section\">\n\t\t\t\t\t\t<div class=\"elementor-container elementor-column-gap-default\">\n\t\t\t\t\t<div class=\"elementor-column elementor-col-100 elementor-top-column elementor-element elementor-element-2ebbf9c\" data-id=\"2ebbf9c\" data-element_type=\"column\">\n\t\t\t<div class=\"elementor-widget-wrap elementor-element-populated\">\n\t\t\t\t\t\t\t\t<div class=\"elementor-element elementor-element-5dcd18a elementor-widget elementor-widget-text-editor\" data-id=\"5dcd18a\" data-element_type=\"widget\" data-widget_type=\"text-editor.default\">\n\t\t\t\t<div class=\"elementor-widget-container\">\n\t\t\t<style>\/*! elementor - v3.5.6 - 28-02-2022 *\/\n.elementor-widget-text-editor.elementor-drop-cap-view-stacked .elementor-drop-cap{background-color:#818a91;color:#fff}.elementor-widget-text-editor.elementor-drop-cap-view-framed .elementor-drop-cap{color:#818a91;border:3px solid;background-color:transparent}.elementor-widget-text-editor:not(.elementor-drop-cap-view-default) .elementor-drop-cap{margin-top:8px}.elementor-widget-text-editor:not(.elementor-drop-cap-view-default) .elementor-drop-cap-letter{width:1em;height:1em}.elementor-widget-text-editor .elementor-drop-cap{float:left;text-align:center;line-height:1;font-size:50px}.elementor-widget-text-editor .elementor-drop-cap-letter{display:inline-block}<\/style>\t\t\t\t<p><em><strong>&#171;Elat Servis&#187; \u015firk\u0259ti art\u0131q bir \u00e7ox ill\u0259r \u0259rzind\u0259 Az\u0259rbaycan\u0131n premium alkoqollu i\u00e7kil\u0259r bazar\u0131nda liderl\u0259rd\u0259n biridir.\u00a0Litva, Bel\u00e7ika, \u0130taliya, Fransa, \u0130spaniya, Almaniya, C\u0259nubi Afrika, Avstraliya, \u00c7ili, Argentina v\u0259 dig\u0259r \u00f6lk\u0259l\u0259r kimi d\u00fcnyan\u0131n on-d\u0259n \u00e7ox d\u00f6vl\u0259tind\u0259n m\u0259hsullar g\u0259tiririk.<\/strong><\/em><\/p><p><em><strong>\u015eirk\u0259timizin \u0259rzaq portfelind\u0259 be\u015f b\u00f6y\u00fck Bordo \u015f\u0259rab\u0131 kimi d\u00fcnya \u015f\u00f6hr\u0259tli markalardan tutmu\u015f m\u00fcxt\u0259lif \u015f\u0259rab kateqoriyalar\u0131 m\u00f6vcuddur: \u015eato Marqo, \u015eato Latur, \u015eato Lafit Rot\u015fild, \u015eato Muton Rot\u015fild, \u015eato o Brion, Sasikay, Barollo \u0130talyan \u015f\u0259rablar\u0131 v\u0259 Fransa, \u0130taliya, \u0130spaniya, \u00c7ili, Argentina v\u0259 d\u00fcnyan\u0131n dig\u0259r \u00f6lk\u0259l\u0259rind\u0259 istehsal edilmi\u015f nisb\u0259t\u0259n ucuz, lakin \u00e7ox keyfiyy\u0259tli \u015f\u0259rablarla bitir.<\/strong><\/em><\/p><p><em><strong>Elat Servis \u015firk\u0259ti d\u00fcnya \u015f\u00f6hr\u0259tli spirtli &#171;Stumbras&#187; brendinin Az\u0259rbaycanda distrib\u00fctorudur.\u00a0Biz \u0259n\u0259n\u0259vi reseptl\u0259r n\u0259z\u0259r\u0259 al\u0131nmaqla v\u0259 \u0259n son texnologiyalardan istifad\u0259 etm\u0259kl\u0259 Litvada istehsal olunan y\u00fcks\u0259k keyfiyy\u0259tli araq Stumbras\u0131n\u0131 bazar\u0131m\u0131zda h\u0259yata ke\u00e7iririk. Biz bazarda \u0259n\u0259n\u0259vi Litva i\u00e7kil\u0259rini t\u0259qdim edirik, m\u0259s\u0259l\u0259n, Krupnikas lik\u00f6rl\u0259ri, Stark tinctures, 999 v\u0259 Brandy lineup, h\u0259m\u00e7inin Litvada istehsal olunmu\u015fdur<\/strong><\/em><\/p><p><em><strong>\u015eirk\u0259timizin portfelind\u0259 Frans\u0131z konyak, \u0130talyan Qrappa, Alman \u015enaps\u0131 v\u0259 dig\u0259r spirtli i\u00e7kil\u0259r var.\u00a0\u00a0\u00a0\u00a0<\/strong><\/em><\/p><p><em><strong>B\u00fct\u00fcn bunlar d\u00fcnyan\u0131n \u0259n m\u0259\u015fhur istehsal\u00e7\u0131lar\u0131ndan \u0259n yax\u015f\u0131s\u0131d\u0131r.<\/strong><\/em><\/p><p><em><strong>Bizim \u015f\u00fcar\u0131m\u0131z:<\/strong><\/em><\/p><p><em><strong>B\u0130Z SATIRIQ YALNIZ \u018fN YAX\u015eI.\u00a0\u00a0\u00a0\u00a0<\/strong><\/em><\/p><p><em><strong>\u018fminik ki, he\u00e7 olmasa bir d\u0259f\u0259 m\u0259hsullar\u0131m\u0131z\u0131 s\u0131namaqdan sonra siz m\u00fctl\u0259q onun yan\u0131na qay\u0131dacaqs\u0131n\u0131z v\u0259 bunun, \u015f\u0259rab\u0131n v\u0259 ya konyak\u0131n votka olub-olmamas\u0131n\u0131n \u0259h\u0259miyy\u0259ti yoxdur.<\/strong><\/em><\/p>\t\t\t\t\t\t<\/div>\n\t\t\t\t<\/div>\n\t\t\t\t\t<\/div>\n\t\t<\/div>\n\t\t\t\t\t\t\t<\/div>\n\t\t<\/section>\n\t\t\t\t\t\t<\/div>\n\t\t\t\t\t<\/div>\n\t\t","protected":false},"excerpt":{"rendered":"<p>Bizim haqq\u0131m\u0131zda &#171;Elat Servis&#187; \u015firk\u0259ti art\u0131q bir \u00e7ox ill\u0259r \u0259rzind\u0259 Az\u0259rbaycan\u0131n premium alkoqollu i\u00e7kil\u0259r bazar\u0131nda liderl\u0259rd\u0259n biridir.\u00a0Litva, Bel\u00e7ika, \u0130taliya, Fransa, \u0130spaniya, Almaniya, C\u0259nubi Afrika, Avstraliya, \u00c7ili, Argentina v\u0259 dig\u0259r \u00f6lk\u0259l\u0259r kimi d\u00fcnyan\u0131n on-d\u0259n \u00e7ox d\u00f6vl\u0259tind\u0259n m\u0259hsullar g\u0259tiririk. \u015eirk\u0259timizin \u0259rzaq portfelind\u0259 be\u015f b\u00f6y\u00fck Bordo \u015f\u0259rab\u0131 kimi d\u00fcnya \u015f\u00f6hr\u0259tli markalardan tutmu\u015f m\u00fcxt\u0259lif \u015f\u0259rab kateqoriyalar\u0131 m\u00f6vcuddur: \u015eato Marqo, &hellip;<\/p>\n<p class=\"read-more\"> <a class=\"\" href=\"https:\/\/elatservice.az\/?page_id=3513&#038;lang=az\"> <span class=\"screen-reader-text\">About_AZ<\/span> \u0427\u0438\u0442\u0430\u0442\u044c \u043f\u043e\u043b\u043d\u043e\u0441\u0442\u044c\u044e &raquo;<\/a><\/p>\n","protected":false},"author":1,"featured_media":0,"parent":0,"menu_order":0,"comment_status":"closed","ping_status":"closed","template":"","meta":{"site-sidebar-layout":"no-sidebar","site-content-layout":"page-builder","ast-main-header-display":"","ast-hfb-above-header-display":"","ast-hfb-below-header-display":"","ast-hfb-mobile-header-display":"","site-post-title":"disabled","ast-breadcrumbs-content":"","ast-featured-img":"disabled","footer-sml-layout":"","theme-transparent-header-meta":"enabled","adv-header-id-meta":"","stick-header-meta":"","header-above-stick-meta":"","header-main-stick-meta":"","header-below-stick-meta":"","footnotes":""},"class_list":["post-3513","page","type-page","status-publish","hentry"],"_links":{"self":[{"href":"https:\/\/elatservice.az\/index.php?rest_route=\/wp\/v2\/pages\/3513","targetHints":{"allow":["GET"]}}],"collection":[{"href":"https:\/\/elatservice.az\/index.php?rest_route=\/wp\/v2\/pages"}],"about":[{"href":"https:\/\/elatservice.az\/index.php?rest_route=\/wp\/v2\/types\/page"}],"author":[{"embeddable":true,"href":"https:\/\/elatservice.az\/index.php?rest_route=\/wp\/v2\/users\/1"}],"replies":[{"embeddable":true,"href":"https:\/\/elatservice.az\/index.php?rest_route=%2Fwp%2Fv2%2Fcomments&post=3513"}],"version-history":[{"count":7,"href":"https:\/\/elatservice.az\/index.php?rest_route=\/wp\/v2\/pages\/3513\/revisions"}],"predecessor-version":[{"id":3641,"href":"https:\/\/elatservice.az\/index.php?rest_route=\/wp\/v2\/pages\/3513\/revisions\/3641"}],"wp:attachment":[{"href":"https:\/\/elatservice.az\/index.php?rest_route=%2Fwp%2Fv2%2Fmedia&parent=3513"}],"curies":[{"name":"wp","href":"https:\/\/api.w.org\/{rel}","templated":true}]}}